{"id":634,"date":"2013-07-16T08:38:53","date_gmt":"2013-07-16T08:38:53","guid":{"rendered":"http:\/\/zemljanarhitektura.com\/?page_id=634"},"modified":"2016-10-28T08:29:39","modified_gmt":"2016-10-28T08:29:39","slug":"kontakt","status":"publish","type":"page","link":"https:\/\/zemljanarhitektura.com\/?page_id=634","title":{"rendered":"kontakt"},"content":{"rendered":"<p>e-mail:<strong>\u00a0zemljanarhitektura@gmail.com<\/strong><br \/>\nfb grupa: \u00a0<strong>&#8220;centar za zemljanu arhitekturu Earth&amp;Crafts&#8221;<\/strong>, FB stranica <strong>&#8220;Earth&amp;Crafts&#8221;<\/strong><br \/>\ntwitter: <strong>dragana koji\u010di\u0107@zemljArh<\/strong><\/p>\n<p><span style=\"color: #ff0000;\"><em>*svi tekstovi, kao i najve\u0107i broj fotografija, su autorska dela mene (i mojih prijatelja, kolega, u\u010desnika radionica), pa Vas molimo da nas obavestite ukoliko \u017eelite da iskoristite deo nekog teksta ili fotografiju. tako\u0111e, kompletne tekstove i slike mo\u017eete koristiti za sopstvene potrebe, ali ne i objavljivati potpuno preuzete bez na\u0161eg znanja na drugim mestima. hvala na razumevanju!<\/em><\/span><\/p>\n","protected":false},"excerpt":{"rendered":"<p>e-mail:\u00a0zemljanarhitektura@gmail.com fb grupa: \u00a0&#8220;centar za zemljanu arhitekturu Earth&amp;Crafts&#8221;, FB stranica &#8220;Earth&amp;Crafts&#8221; twitter: dragana koji\u010di\u0107@zemljArh *svi tekstovi, kao i najve\u0107i broj fotografija, su autorska dela mene (i mojih prijatelja, kolega, u\u010desnika radionica), pa Vas molimo da nas obavestite ukoliko \u017eelite da &hellip; <a href=\"https:\/\/zemljanarhitektura.com\/?page_id=634\">Continue reading <span class=\"meta-nav\">&rarr;<\/span><\/a><\/p>\n","protected":false},"author":1,"featured_media":0,"parent":0,"menu_order":5,"comment_status":"open","ping_status":"open","template":"","meta":{"_price":"","_stock":"","_tribe_ticket_header":"","_tribe_default_ticket_provider":"","_ticket_start_date":"","_ticket_end_date":"","_tribe_ticket_show_description":"","_tribe_ticket_show_not_going":false,"_tribe_ticket_use_global_stock":"","_tribe_ticket_global_stock_level":"","_global_stock_mode":"","_global_stock_cap":"","_tribe_rsvp_for_event":"","_tribe_ticket_going_count":"","_tribe_ticket_not_going_count":"","_tribe_tickets_list":"[]","_tribe_ticket_has_attendee_info_fields":false,"footnotes":"","_tec_slr_enabled":"","_tec_slr_layout":""},"class_list":["post-634","page","type-page","status-publish","hentry"],"ticketed":false,"post_mailing_queue_ids":[],"_links":{"self":[{"href":"https:\/\/zemljanarhitektura.com\/index.php?rest_route=\/wp\/v2\/pages\/634","targetHints":{"allow":["GET"]}}],"collection":[{"href":"https:\/\/zemljanarhitektura.com\/index.php?rest_route=\/wp\/v2\/pages"}],"about":[{"href":"https:\/\/zemljanarhitektura.com\/index.php?rest_route=\/wp\/v2\/types\/page"}],"author":[{"embeddable":true,"href":"https:\/\/zemljanarhitektura.com\/index.php?rest_route=\/wp\/v2\/users\/1"}],"replies":[{"embeddable":true,"href":"https:\/\/zemljanarhitektura.com\/index.php?rest_route=%2Fwp%2Fv2%2Fcomments&post=634"}],"version-history":[{"count":8,"href":"https:\/\/zemljanarhitektura.com\/index.php?rest_route=\/wp\/v2\/pages\/634\/revisions"}],"predecessor-version":[{"id":11334,"href":"https:\/\/zemljanarhitektura.com\/index.php?rest_route=\/wp\/v2\/pages\/634\/revisions\/11334"}],"wp:attachment":[{"href":"https:\/\/zemljanarhitektura.com\/index.php?rest_route=%2Fwp%2Fv2%2Fmedia&parent=634"}],"curies":[{"name":"wp","href":"https:\/\/api.w.org\/{rel}","templated":true}]}}