{"id":25,"date":"2013-04-22T07:33:40","date_gmt":"2013-04-22T07:33:40","guid":{"rendered":"http:\/\/zemljanarhitektura.com\/?page_id=25"},"modified":"2013-07-16T08:38:05","modified_gmt":"2013-07-16T08:38:05","slug":"radionice","status":"publish","type":"page","link":"https:\/\/zemljanarhitektura.com\/?page_id=25","title":{"rendered":"radionice"},"content":{"rendered":"<p><span style=\"color: #888888;\">ovde mo\u017eete na\u0107i sve radionice (i predavanja) koje organizujemo, \u0161to u Mo\u0161orinu, \u0161to gde god nas pozovu.<\/span><\/p>\n","protected":false},"excerpt":{"rendered":"<p>ovde mo\u017eete na\u0107i sve radionice (i predavanja) koje organizujemo, \u0161to u Mo\u0161orinu, \u0161to gde god nas pozovu.<\/p>\n","protected":false},"author":1,"featured_media":0,"parent":0,"menu_order":0,"comment_status":"open","ping_status":"open","template":"","meta":{"_price":"","_stock":"","_tribe_ticket_header":"","_tribe_default_ticket_provider":"","_ticket_start_date":"","_ticket_end_date":"","_tribe_ticket_show_description":"","_tribe_ticket_show_not_going":false,"_tribe_ticket_use_global_stock":"","_tribe_ticket_global_stock_level":"","_global_stock_mode":"","_global_stock_cap":"","_tribe_rsvp_for_event":"","_tribe_ticket_going_count":"","_tribe_ticket_not_going_count":"","_tribe_tickets_list":"[]","_tribe_ticket_has_attendee_info_fields":false,"footnotes":"","_tec_slr_enabled":"","_tec_slr_layout":""},"class_list":["post-25","page","type-page","status-publish","hentry"],"ticketed":false,"post_mailing_queue_ids":[],"_links":{"self":[{"href":"https:\/\/zemljanarhitektura.com\/index.php?rest_route=\/wp\/v2\/pages\/25","targetHints":{"allow":["GET"]}}],"collection":[{"href":"https:\/\/zemljanarhitektura.com\/index.php?rest_route=\/wp\/v2\/pages"}],"about":[{"href":"https:\/\/zemljanarhitektura.com\/index.php?rest_route=\/wp\/v2\/types\/page"}],"author":[{"embeddable":true,"href":"https:\/\/zemljanarhitektura.com\/index.php?rest_route=\/wp\/v2\/users\/1"}],"replies":[{"embeddable":true,"href":"https:\/\/zemljanarhitektura.com\/index.php?rest_route=%2Fwp%2Fv2%2Fcomments&post=25"}],"version-history":[{"count":1,"href":"https:\/\/zemljanarhitektura.com\/index.php?rest_route=\/wp\/v2\/pages\/25\/revisions"}],"predecessor-version":[{"id":633,"href":"https:\/\/zemljanarhitektura.com\/index.php?rest_route=\/wp\/v2\/pages\/25\/revisions\/633"}],"wp:attachment":[{"href":"https:\/\/zemljanarhitektura.com\/index.php?rest_route=%2Fwp%2Fv2%2Fmedia&parent=25"}],"curies":[{"name":"wp","href":"https:\/\/api.w.org\/{rel}","templated":true}]}}