{"id":13594,"date":"2019-05-13T10:47:28","date_gmt":"2019-05-13T10:47:28","guid":{"rendered":"http:\/\/zemljanarhitektura.com\/?page_id=13594"},"modified":"2023-11-24T07:11:20","modified_gmt":"2023-11-24T07:11:20","slug":"usluge","status":"publish","type":"page","link":"https:\/\/zemljanarhitektura.com\/?page_id=13594","title":{"rendered":"usluge"},"content":{"rendered":"\n<figure class=\"wp-block-image\"><img loading=\"lazy\" decoding=\"async\" width=\"1000\" height=\"750\" src=\"https:\/\/zemljanarhitektura.com\/wp-content\/uploads\/2013\/06\/97-2012-veliki-ateljei.jpg\" alt=\"\" class=\"wp-image-317\" srcset=\"https:\/\/zemljanarhitektura.com\/wp-content\/uploads\/2013\/06\/97-2012-veliki-ateljei.jpg 1000w, https:\/\/zemljanarhitektura.com\/wp-content\/uploads\/2013\/06\/97-2012-veliki-ateljei-300x225.jpg 300w, https:\/\/zemljanarhitektura.com\/wp-content\/uploads\/2013\/06\/97-2012-veliki-ateljei-400x300.jpg 400w, https:\/\/zemljanarhitektura.com\/wp-content\/uploads\/2013\/06\/97-2012-veliki-ateljei-160x120.jpg 160w\" sizes=\"auto, (max-width: 1000px) 100vw, 1000px\" \/><\/figure>\n\n\n\n<p>smatramo da znanje treba da bude dostupno svima i zato je sve \u0161to smo radili u poslednjih 10 godina bilo ovde i objavljeno, te Vas ohrabrujemo da istra\u017eite teme o kojima smo pisali, a naro\u010dito <a href=\"https:\/\/zemljanarhitektura.com\/?p=11473&amp;lang=sr\">naj\u010de\u0161\u0107e postavljana pitanja<\/a>. tako\u0111e, imate internet, bezbroj drugih sajtova i kanala na kojima mo\u017eete da se informi\u0161ete i u\u010dite, kao i bezbroj mogu\u0107nosti da u\u010dite kroz praksu, sa nama ili na drugim mestima. pa, ipak&#8230;<\/p>\n\n\n\n<!--more-->\n\n\n\n<p>ukoliko ne na\u0111ete odgovor, a smatrate da Vam je jako bitno da \u010dujete na\u0161e mi\u0161ljenje, mo\u017eete zakazati <strong>konsultacije<\/strong> sa nama. razgovor mo\u017ee biti zakazan online (putem Skype-a ili Zoom-a), odnosno u\u017eivo. <\/p>\n\n\n\n<p>osim konsultacija, mo\u017eete nas pozvati da odr\u017eimo <strong>predavanje<\/strong> ili vi\u0161ednevni teorijski kurs, jednodnevnu ili vi\u0161ednevnu <strong>radionicu<\/strong> kod Vas.<\/p>\n\n\n\n<p>osim <strong>radionica<\/strong> kojima je mogu\u0107e priklju\u010diti se u Mo\u0161orinu, mo\u017eete nam se javiti za <strong>organizovanu posetu <\/strong>na\u0161em centru &#8211; nenajavljene posete nismo u mogu\u0107nosti da prihvatimo, jer nam stopiraju radove i oduzimaju vreme planirano za iste.<\/p>\n\n\n\n<p>tako\u0111e, mo\u017eete nam se javiti i ukoliko planirate <strong>gradnju novog objekta<\/strong>, a \u017eeleli biste da mi na njemu budemo konsultanti. <\/p>\n\n\n\n<p>i, naravno, sve gore navedeno zahteva na\u0161e vreme, znanje i energiju, pa prema tome ima i svoju cenu. o cenama se mo\u017eete raspitati na <strong>zemljanarhitektura@gmail.com<\/strong> <\/p>\n\n\n\n<p><\/p>\n","protected":false},"excerpt":{"rendered":"<p>smatramo da znanje treba da bude dostupno svima i zato je sve \u0161to smo radili u poslednjih 10 godina bilo ovde i objavljeno, te Vas ohrabrujemo da istra\u017eite teme o kojima smo pisali, a naro\u010dito naj\u010de\u0161\u0107e postavljana pitanja. tako\u0111e, imate &hellip; <a href=\"https:\/\/zemljanarhitektura.com\/?page_id=13594\">Continue reading <span class=\"meta-nav\">&rarr;<\/span><\/a><\/p>\n","protected":false},"author":1,"featured_media":0,"parent":0,"menu_order":0,"comment_status":"closed","ping_status":"closed","template":"","meta":{"_price":"","_stock":"","_tribe_ticket_header":"","_tribe_default_ticket_provider":"","_ticket_start_date":"","_ticket_end_date":"","_tribe_ticket_show_description":"","_tribe_ticket_show_not_going":false,"_tribe_ticket_use_global_stock":"","_tribe_ticket_global_stock_level":"","_global_stock_mode":"","_global_stock_cap":"","_tribe_rsvp_for_event":"","_tribe_ticket_going_count":"","_tribe_ticket_not_going_count":"","_tribe_tickets_list":"[]","_tribe_ticket_has_attendee_info_fields":false,"footnotes":"","_tec_slr_enabled":"","_tec_slr_layout":""},"class_list":["post-13594","page","type-page","status-publish","hentry"],"ticketed":false,"post_mailing_queue_ids":[],"_links":{"self":[{"href":"https:\/\/zemljanarhitektura.com\/index.php?rest_route=\/wp\/v2\/pages\/13594","targetHints":{"allow":["GET"]}}],"collection":[{"href":"https:\/\/zemljanarhitektura.com\/index.php?rest_route=\/wp\/v2\/pages"}],"about":[{"href":"https:\/\/zemljanarhitektura.com\/index.php?rest_route=\/wp\/v2\/types\/page"}],"author":[{"embeddable":true,"href":"https:\/\/zemljanarhitektura.com\/index.php?rest_route=\/wp\/v2\/users\/1"}],"replies":[{"embeddable":true,"href":"https:\/\/zemljanarhitektura.com\/index.php?rest_route=%2Fwp%2Fv2%2Fcomments&post=13594"}],"version-history":[{"count":14,"href":"https:\/\/zemljanarhitektura.com\/index.php?rest_route=\/wp\/v2\/pages\/13594\/revisions"}],"predecessor-version":[{"id":16253,"href":"https:\/\/zemljanarhitektura.com\/index.php?rest_route=\/wp\/v2\/pages\/13594\/revisions\/16253"}],"wp:attachment":[{"href":"https:\/\/zemljanarhitektura.com\/index.php?rest_route=%2Fwp%2Fv2%2Fmedia&parent=13594"}],"curies":[{"name":"wp","href":"https:\/\/api.w.org\/{rel}","templated":true}]}}