{"id":11592,"date":"2017-03-31T15:08:00","date_gmt":"2017-03-31T15:08:00","guid":{"rendered":"http:\/\/zemljanarhitektura.com\/?page_id=11592"},"modified":"2017-03-31T15:11:07","modified_gmt":"2017-03-31T15:11:07","slug":"faq","status":"publish","type":"page","link":"https:\/\/zemljanarhitektura.com\/?page_id=11592","title":{"rendered":"FAQ"},"content":{"rendered":"<p>naj\u010de\u0161\u0107e postavljana pitanja potra\u017eite u narednim postovima.<\/p>\n","protected":false},"excerpt":{"rendered":"<p>naj\u010de\u0161\u0107e postavljana pitanja potra\u017eite u narednim postovima.<\/p>\n","protected":false},"author":1,"featured_media":0,"parent":0,"menu_order":0,"comment_status":"closed","ping_status":"closed","template":"","meta":{"_price":"","_stock":"","_tribe_ticket_header":"","_tribe_default_ticket_provider":"","_ticket_start_date":"","_ticket_end_date":"","_tribe_ticket_show_description":"","_tribe_ticket_show_not_going":false,"_tribe_ticket_use_global_stock":"","_tribe_ticket_global_stock_level":"","_global_stock_mode":"","_global_stock_cap":"","_tribe_rsvp_for_event":"","_tribe_ticket_going_count":"","_tribe_ticket_not_going_count":"","_tribe_tickets_list":"[]","_tribe_ticket_has_attendee_info_fields":false,"footnotes":"","_tec_slr_enabled":"","_tec_slr_layout":""},"class_list":["post-11592","page","type-page","status-publish","hentry"],"ticketed":false,"post_mailing_queue_ids":[],"_links":{"self":[{"href":"https:\/\/zemljanarhitektura.com\/index.php?rest_route=\/wp\/v2\/pages\/11592","targetHints":{"allow":["GET"]}}],"collection":[{"href":"https:\/\/zemljanarhitektura.com\/index.php?rest_route=\/wp\/v2\/pages"}],"about":[{"href":"https:\/\/zemljanarhitektura.com\/index.php?rest_route=\/wp\/v2\/types\/page"}],"author":[{"embeddable":true,"href":"https:\/\/zemljanarhitektura.com\/index.php?rest_route=\/wp\/v2\/users\/1"}],"replies":[{"embeddable":true,"href":"https:\/\/zemljanarhitektura.com\/index.php?rest_route=%2Fwp%2Fv2%2Fcomments&post=11592"}],"version-history":[{"count":2,"href":"https:\/\/zemljanarhitektura.com\/index.php?rest_route=\/wp\/v2\/pages\/11592\/revisions"}],"predecessor-version":[{"id":11596,"href":"https:\/\/zemljanarhitektura.com\/index.php?rest_route=\/wp\/v2\/pages\/11592\/revisions\/11596"}],"wp:attachment":[{"href":"https:\/\/zemljanarhitektura.com\/index.php?rest_route=%2Fwp%2Fv2%2Fmedia&parent=11592"}],"curies":[{"name":"wp","href":"https:\/\/api.w.org\/{rel}","templated":true}]}}